{"id":149,"date":"2016-03-29T14:19:43","date_gmt":"2016-03-29T14:19:43","guid":{"rendered":"https:\/\/www.allagma.com\/home\/"},"modified":"2025-04-04T08:50:19","modified_gmt":"2025-04-04T08:50:19","slug":"home","status":"publish","type":"page","link":"https:\/\/www.allagma.com\/fr\/","title":{"rendered":"Home"},"content":{"rendered":"\n<img loading=\"lazy\" decoding=\"async\" src=\"https:\/\/www.allagma.com\/wp-content\/uploads\/2016\/03\/Logo-Alone-.png\" alt=\"Logo Alone\" itemprop=\"image\" height=\"125\" width=\"176\">\n\tOur <strong>technology<\/strong> <strong>detects<\/strong> and <strong>prevents<\/strong>&nbsp;<strong>sales tax fraud<\/strong>&nbsp;(in VAT\/GST\/RST systems), <strong>sales suppression<\/strong>, and <strong>input tax credits<\/strong>. We use advanced and proprietary methodology for data acquisition, artificial intelligence for detection, and very soon, blockchain technology for security and workflow automation.\n<h2>\n\t\t<a href=\"#\" title=\"SOLUTIONS\" target=\"_self\" rel=\"noopener\">\n\t\tSOLUTIONS\n\t\t<\/a>\n\t<\/h2>\n\t\t\t\t<img loading=\"lazy\" decoding=\"async\" src=\"https:\/\/www.allagma.com\/wp-content\/uploads\/2016\/03\/taxform-online-deadline.jpg\" alt=\"taxform-online-deadline\" itemprop=\"image\" height=\"349\" width=\"620\">\n\t<h3 style=\"text-align: left;\"><strong>&nbsp;eTaxMan<\/strong><\/h3>\n<p>&nbsp;<\/p>\nOur flagship product is eTaxMan, a multi-modular product that can be integrated with any type of POS\/financial system for sales tax compliance and fraud detection in VAT\/GST\/RST system economies.\n&nbsp;\nIf you are a representative of a tax authority&nbsp;interested in modern technology for combatting VAT\/GST\/RST sales tax erosion and decrease tax evasion or fraud, then you need to talk to us.\n\t\t\t<a href=\"https:\/\/www.allagma.com\/#contact\" target=\"_self\" role=\"button\" rel=\"noopener\">\n\t\t\t\t\t\t\tContact us\n\t\t\t\t\t<\/a>\n\t\t\t\t<img loading=\"lazy\" decoding=\"async\" src=\"https:\/\/www.allagma.com\/wp-content\/uploads\/2016\/03\/sales-monitorting-solution.png\" alt=\"sales-monitorting-solution\" itemprop=\"image\" height=\"488\" width=\"862\">\n\t<h1 style=\"text-align: left;\"><strong>Monitoring of the Criminally Convicted<br>\n<\/strong><\/h1>\n<p>&nbsp;<\/p>\nCurrently used in the US market, we offer a targeted sales monitoring solution as a post-conviction tool to state prosecuting attorneys and defense attorneys.\nTo learn more, see our <a href=\"http:\/\/www.newswire.ca\/news-releases\/first-of-its-kind-criminal-case-on-sales-tax-fraud---montreal-based-it-company-is-chosen-by-washington-state-to-monitor-illegal-sales-activities-642849903.html\" target=\"_blank\" rel=\"noopener\"><strong>PRESS RELEASE<\/strong><\/a>. If you are a member of any defence or prosecuting team, then you need to talk to us as well.\n\t\t\t<a href=\"https:\/\/www.allagma.com\/#contact\" target=\"_self\" role=\"button\" rel=\"noopener\">\n\t\t\t\t\t\t\tContact us\n\t\t\t\t\t<\/a>\n\t\t\t\t<img loading=\"lazy\" decoding=\"async\" src=\"https:\/\/www.allagma.com\/wp-content\/uploads\/2016\/03\/allagma-technologies-1.jpg\" alt=\"Meeting process.Photo young business managers crew working with new startup project.Using modern smartphones,texting message,analyze plans.Digital Connections World Wide Interfaces Screen.Black white\" itemprop=\"image\" height=\"400\" width=\"675\">\n\t<p>Let Allagma Technologies help you simplify and automate tax compliance by modernizing sales tax reporting<\/p>\n<h2>\n\t\t<a href=\"#\" title=\"ABOUT\" target=\"_self\" rel=\"noopener\">\n\t\tABOUT\n\t\t<\/a>\n\t<\/h2>\n\t    <div class=\"pourSLD\">\n      <ul class=\"pourHR\">\n        <li><a href='#'>2000<\/a><\/li><li><a href='#'>2004<\/a><\/li><li><a href='#'>2008<\/a><\/li><li><a href='#'>2011<\/a><\/li><li><a href='#'>2012<\/a><\/li><li><a href='#'>2013<\/a><\/li><li><a href='#'>2014<\/a><\/li><li><a href='#'>2015<\/a><\/li><li><a href='#'>2016<\/a><\/li><li><a href='#'>2017<\/a><\/li><li><a href='#'>2018<\/a><\/li>      <\/ul>\n      <ul class='poursld clearfix'>\n                  <li><h3>2000<\/h3>\n            <ul>\n<li>Allagma Technologies est fond\u00e9.<\/li>\n<li>Allagma signe un contrat d&rsquo;entretien et de support avec une grande cha\u00eene de d\u00e9tail qui poss\u00e8de des centaines de points de vente.<\/li>\n<\/ul>\n          <\/li>\n                    <li><h3>2004<\/h3>\n            <ul>\n<li>Allagma est certifi\u00e9 en tant que d\u00e9veloppeur SAGE\/ACCPAC.<\/li>\n<li>Allagma gagne le prestigieux prix <i>ACCPAC Premier Solution Provider<\/i> pour ses solution d\u2019int\u00e9gration des point de ventes.<\/li>\n<\/ul>\n          <\/li>\n                    <li><h3>2008<\/h3>\n            <ul>\n<li>Allagma fait l&rsquo;acquisition de Simple Menu, un logiciel de point de vente utilis\u00e9 dans le secteur de la restauration et de l&rsquo;hospitalit\u00e9, et y introduit des fonctions avanc\u00e9es.<\/li>\n<\/ul>\n          <\/li>\n                    <li><h3>2011<\/h3>\n            <ul>\n<li>Allagma devient installateur et configurateur certifi\u00e9 de Module d&rsquo;Enregistrement des Ventes (MEV) par Revenu Qu\u00e9bec.<\/li>\n<li>Simple Menu est certifi\u00e9 compatible avec le programme MEV de Revenu Qu\u00e9bec.<\/li>\n<\/ul>\n          <\/li>\n                    <li><h3>2012<\/h3>\n            <ul>\n<li>Allagma con\u00e7oit et introduit le Consolidated Network Appliance (CNA), un mat\u00e9riel regroupant plusieurs modules de r\u00e9seautage utilis\u00e9 dans le domaine du d\u00e9tail.<\/li>\n<li>Allagma d\u00e9veloppe OmniPort, un syst\u00e8me intergiciel qui peut ais\u00e9ment et rapidement rendre tout syst\u00e8me de point de vente conforme avec le MEV.<\/li>\n<\/ul>\n          <\/li>\n                    <li><h3>2013<\/h3>\n            <ul>\n<li>Allagma constitue un d\u00e9partement de R&amp;D pour \u00e9tudier l\u2019\u00e9conomie souterraine canadienne avec une attention particuli\u00e8re sur la fraude li\u00e9e \u00e0 la taxe de vente.<\/li>\n<li>Conception de l\u2019architecture de la premi\u00e8re version d\u2019eTaxMan pour s\u2019attaquer \u00e0 la suppression des ventes \u00e9lectronique (SVE).<\/li>\n<\/ul>\n          <\/li>\n                    <li><h3>2014<\/h3>\n            <ul>\n<li>Allagma d\u00e9veloppe le module de eTaxMan pour combattre la fraude dans la d\u00e9claration du Cr\u00e9dit de taxe sur les intrants (CTI).<\/li>\n<\/ul>\n          <\/li>\n                    <li><h3>2015<\/h3>\n            <ul>\n<li>Allagma devient un partenaire de d\u00e9tail certifi\u00e9 Oracle.<\/li>\n<li>Allagma d\u00e9veloppe le Module d\u2019incitatif du consommateur (MIC).<\/li>\n<\/ul>\n          <\/li>\n                    <li><h3>2016<\/h3>\n            <ul>\n<li>Les solutions antifraudes qu&rsquo;Allagma propose re\u00e7oivent le support officiel de la F\u00e9d\u00e9ration canadienne de l&rsquo;entreprise ind\u00e9pendante (FCEI), du Conseil canadien des affaires (CCA), de la F\u00e9d\u00e9ration canadienne des contribuables (FCC), et du Conseil canadien du commerce de d\u00e9tail (CCCD), couvrant les principales parties prenantes de la f\u00e9d\u00e9ration canadienne.<\/li>\n<li>Allagma met en place un partenariat avec CGI, l&rsquo;un des principaux fournisseurs de solutions informatiques au monde.<\/li>\n<\/ul>\n          <\/li>\n                    <li><h3>2017<\/h3>\n            <ul>\n<li>Allagma \u00e9tablit des relations de haut niveau avec le gouvernement de la R\u00e9publique d&rsquo;Arm\u00e9nie.<\/li>\n<li>La solution eTaxMan d&rsquo;Allagma a \u00e9t\u00e9 s\u00e9lectionn\u00e9e comme outil d&rsquo;enregistrement des ventes suite \u00e0 une condamnation p\u00e9nale par le D\u00e9partement du Revenu de l&rsquo;\u00c9tat de Washington.<\/li>\n<li>Allagma commence une d\u00e9marche de d\u00e9sinvestissement de son produit Simple Menu.<\/li>\n<\/ul>\n          <\/li>\n                    <li><h3>2018<\/h3>\n            <ul>\n<li>Vartkes Melkonian, Pr\u00e9sident et CTO d&rsquo;Allagma est appel\u00e9 \u00e0 appara\u00eetre comme t\u00e9moin expert devant le Comit\u00e9 des <a href=\"https:\/\/www.allagma.com\/fr\/new\/audience-publique-du-comite-des-finances-de-lassemblee-legislative-de-letat-de-washington\/\" target=\"_blank\" rel=\"noopener\">Finances de l&rsquo;Assembl\u00e9e Legislative de l&rsquo;\u00c9tat de Washington<\/a>.<\/li>\n<li>Allagma Technologies ouvre une filiale am\u00e9ricaine.<\/li>\n<li><a href=\"https:\/\/www.allagma.com\/fr\/new\/mike-chertude-du-departement-de-revenu-de-letat-de-washington-laureat-du-prestigieux-prix-de-la-fta\/\" target=\"_blank\" rel=\"noopener\">Mike Chertude<\/a>, le sous-directeur de D\u00e9partement de Revenu de l&rsquo;\u00c9tat de Washington gagne le prestigieux prix de leadership Harley T.Duncan de FTA (Federation of Tax Administrators) pour son engagement de combattre la suppression des ventes.<\/li>\n<li>Allagma Technologies et eTaxMan sont list\u00e9s sur la liste officielle mondiale des compagnies dans <a href=\"https:\/\/www2.deloitte.com\/lu\/en\/pages\/technology\/articles\/regtech-companies-compliance.html#tab5\" target=\"_blank\" rel=\"noopener\">l&rsquo;univers des regtech (technologies de r\u00e9glementation) de Deloitte \u00e0 Luxembourg<\/a>.<\/li>\n<\/ul>\n          <\/li>\n                <\/ul>\n    <\/div>\n      \n\n\t<p><strong>Who We&rsquo;ve Worked With<\/strong><\/p>\n\t\t\t\t<img loading=\"lazy\" decoding=\"async\" src=\"https:\/\/www.allagma.com\/wp-content\/uploads\/2016\/03\/AGWS.jpg\" alt=\"AGWS\" itemprop=\"image\" height=\"114\" width=\"278\">\n\t\t\t\t<img loading=\"lazy\" decoding=\"async\" src=\"https:\/\/www.allagma.com\/wp-content\/uploads\/2016\/03\/cgi.jpg\" alt=\"cgi\" itemprop=\"image\" height=\"114\" width=\"278\">\n\t\t\t\t<img decoding=\"async\" src=\"https:\/\/www.allagma.com\/wp-content\/uploads\/2016\/03\/drws-e1540054799918.jpg\" alt=\"drws\" itemprop=\"image\">\n\t\t\t\t<img loading=\"lazy\" decoding=\"async\" src=\"https:\/\/www.allagma.com\/wp-content\/uploads\/2016\/03\/oracle.jpg\" alt=\"oracle\" itemprop=\"image\" height=\"114\" width=\"278\">\n\t\t\t\t<img loading=\"lazy\" decoding=\"async\" src=\"https:\/\/www.allagma.com\/wp-content\/uploads\/2016\/03\/Ontario-Logo.png\" alt=\"Ontario Logo\" itemprop=\"image\" height=\"90\" width=\"261\">\n\t\t\t\t<img loading=\"lazy\" decoding=\"async\" src=\"https:\/\/www.allagma.com\/wp-content\/uploads\/2016\/03\/RQ.jpg\" alt=\"RQ\" itemprop=\"image\" height=\"114\" width=\"278\">\n\t\t\t\t<img loading=\"lazy\" decoding=\"async\" src=\"https:\/\/www.allagma.com\/wp-content\/uploads\/2016\/03\/ACDEV.jpg\" alt=\"ACDEV\" itemprop=\"image\" height=\"114\" width=\"278\">\n\t\t\t\t<img loading=\"lazy\" decoding=\"async\" src=\"https:\/\/www.allagma.com\/wp-content\/uploads\/2016\/03\/sage.jpg\" alt=\"sage\" itemprop=\"image\" height=\"114\" width=\"278\">\n","protected":false},"excerpt":{"rendered":"<p>Our technology detects and prevents&nbsp;sales tax fraud&nbsp;(in VAT\/GST\/RST systems), sales suppression, and input tax credits. We use advanced and proprietary methodology for data acquisition, artificial intelligence for detection, and very soon, blockchain technology for security and workflow automation. SOLUTIONS &nbsp;eTaxMan &nbsp; Our flagship product is eTaxMan, a multi-modular product that can be integrated with any type of POS\/financial system for sales tax compliance and fraud detection in VAT\/GST\/RST system economies&#8230;. <a href=\"https:\/\/www.allagma.com\/fr\/\" class=\"more-link\" >Lire la suite &raquo;<\/a><\/p>\n","protected":false},"author":1,"featured_media":0,"parent":0,"menu_order":0,"comment_status":"closed","ping_status":"closed","template":"home.php","meta":{"_acf_changed":false,"footnotes":""},"class_list":["post-149","page","type-page","status-publish","hentry"],"acf":[],"_links":{"self":[{"href":"https:\/\/www.allagma.com\/fr\/wp-json\/wp\/v2\/pages\/149","targetHints":{"allow":["GET"]}}],"collection":[{"href":"https:\/\/www.allagma.com\/fr\/wp-json\/wp\/v2\/pages"}],"about":[{"href":"https:\/\/www.allagma.com\/fr\/wp-json\/wp\/v2\/types\/page"}],"author":[{"embeddable":true,"href":"https:\/\/www.allagma.com\/fr\/wp-json\/wp\/v2\/users\/1"}],"replies":[{"embeddable":true,"href":"https:\/\/www.allagma.com\/fr\/wp-json\/wp\/v2\/comments?post=149"}],"version-history":[{"count":25,"href":"https:\/\/www.allagma.com\/fr\/wp-json\/wp\/v2\/pages\/149\/revisions"}],"predecessor-version":[{"id":388,"href":"https:\/\/www.allagma.com\/fr\/wp-json\/wp\/v2\/pages\/149\/revisions\/388"}],"wp:attachment":[{"href":"https:\/\/www.allagma.com\/fr\/wp-json\/wp\/v2\/media?parent=149"}],"curies":[{"name":"wp","href":"https:\/\/api.w.org\/{rel}","templated":true}]}}